{"id":544,"date":"2016-09-09T09:35:42","date_gmt":"2016-09-09T07:35:42","guid":{"rendered":"http:\/\/www.strojirnasobeslav.cz\/de\/kariera\/"},"modified":"2026-01-28T14:11:30","modified_gmt":"2026-01-28T13:11:30","slug":"kariera","status":"publish","type":"page","link":"https:\/\/www.strojirnasobeslav.cz\/de\/kariera\/","title":{"rendered":"Offene Stellen"},"content":{"rendered":"<div class=\"row\">\n<div class=\"col-md-6 col-sm-12\">\n<div class=\"text\"><big>Damit wir die wachsenden Anforderungen und Bed\u00fcrfnisse unserer bestehenden und zuk\u00fcnftigen Kunden befriedigen k\u00f6nnen, m\u00fcssen wir kontinuierlich unser Team aufbauen und erg\u00e4nzen.<\/big> <big>Gerne hei\u00dfen wir auch Sie willkommen, falls Sie sich in einem progressiven, sich dynamisch entwickelten Unternehmen im Maschinenzweit geltend machen m\u00f6chten. Wir sind an perspektiven Fachleuten interessiert, die sich an der Entwicklung und Erzeugung von Maschinen und Anlagen beteiligen m\u00f6chten. <\/big><\/div>\n<p><!-- \/.text --><\/div>\n<div class=\"col-md-6 col-sm-12\">\n<div class=\"text text--border\">\n<h3>Kontaktieren Sie uns<\/h3>\n<p>Falls Sie hier keine geeignete Stellt finden sollten, schicken Sie uns Ihren Lebenslauf und wir nehmen Sie gerne in unser Register der Bewerber auf.<\/p>\n<h3 class=\"mb-0\">Jakub Ka\u0161p\u00e1rek<\/h3>\n<p>M: + 420 724 230 837<br \/>\nE: <a href=\"mailto:info@strojirnasobeslav.cz\">kasparek@strojirnasobeslav.cz<\/a><\/p>\n<p>Wenn Sie keinen geeigneten Job zu finden, senden <span class=\"\">Sie uns Ihren Lebenslauf<\/span>, werden wir sie in unserem Register der Arbeitssuchendengeh\u00f6ren.<\/p>\n<\/div>\n<p><!-- \/.text --><\/p>\n<\/div>\n<\/div>\n","protected":false},"excerpt":{"rendered":"<p>Damit wir die wachsenden Anforderungen und Bed\u00fcrfnisse unserer bestehenden und zuk\u00fcnftigen Kunden befriedigen k\u00f6nnen, m\u00fcssen wir kontinuierlich unser Team aufbauen und erg\u00e4nzen. Gerne hei\u00dfen wir auch Sie willkommen, falls Sie sich in einem progressiven, sich dynamisch entwickelten Unternehmen im Maschinenzweit geltend machen m\u00f6chten. Wir sind an perspektiven Fachleuten interessiert, die sich an der Entwicklung und [&hellip;]<\/p>\n","protected":false},"author":1,"featured_media":1322,"parent":0,"menu_order":0,"comment_status":"closed","ping_status":"closed","template":"content-kariera.php","meta":{"footnotes":""},"class_list":["post-544","page","type-page","status-publish","has-post-thumbnail","hentry"],"_links":{"self":[{"href":"https:\/\/www.strojirnasobeslav.cz\/de\/wp-json\/wp\/v2\/pages\/544","targetHints":{"allow":["GET"]}}],"collection":[{"href":"https:\/\/www.strojirnasobeslav.cz\/de\/wp-json\/wp\/v2\/pages"}],"about":[{"href":"https:\/\/www.strojirnasobeslav.cz\/de\/wp-json\/wp\/v2\/types\/page"}],"author":[{"embeddable":true,"href":"https:\/\/www.strojirnasobeslav.cz\/de\/wp-json\/wp\/v2\/users\/1"}],"replies":[{"embeddable":true,"href":"https:\/\/www.strojirnasobeslav.cz\/de\/wp-json\/wp\/v2\/comments?post=544"}],"version-history":[{"count":5,"href":"https:\/\/www.strojirnasobeslav.cz\/de\/wp-json\/wp\/v2\/pages\/544\/revisions"}],"predecessor-version":[{"id":1607,"href":"https:\/\/www.strojirnasobeslav.cz\/de\/wp-json\/wp\/v2\/pages\/544\/revisions\/1607"}],"wp:featuredmedia":[{"embeddable":true,"href":"https:\/\/www.strojirnasobeslav.cz\/de\/wp-json\/wp\/v2\/media\/1322"}],"wp:attachment":[{"href":"https:\/\/www.strojirnasobeslav.cz\/de\/wp-json\/wp\/v2\/media?parent=544"}],"curies":[{"name":"wp","href":"https:\/\/api.w.org\/{rel}","templated":true}]}}