{"id":548,"date":"2016-09-09T09:35:14","date_gmt":"2016-09-09T07:35:14","guid":{"rendered":"http:\/\/www.strojirnasobeslav.cz\/de\/o-nas\/"},"modified":"2026-03-31T09:28:12","modified_gmt":"2026-03-31T07:28:12","slug":"o-nas","status":"publish","type":"page","link":"https:\/\/www.strojirnasobeslav.cz\/de\/o-nas\/","title":{"rendered":"\u00dcber uns"},"content":{"rendered":"<h2 class=\"section__title\">Maschinenfabrik Sob\u011bslav s.r.o.<\/h2>\n<div class=\"text\">\n<p><big><strong>Unser Unternehmen ist seit 1\/4\/1994, wann dieses Unternehmen gegr\u00fcndet wurde, auf dem Maschinenmarkt t\u00e4tig. Unser urspr\u00fcngliche Ziel, ein renommierter Lieferant von Maschinen und Anhlagen im Rahmen einer kundenspezifischen Herstellung zu sein, ist unver\u00e4ndert geblieben und wir glauben fest daran, dass wir diesem Ziel treu geblieben sind. <\/strong><br \/>\n<\/big><\/p>\n<\/div>\n<div class=\"row\">\n<div class=\"col-md-6 col-sm-12\">\n<div class=\"text\">\n<p><img decoding=\"async\" src=\"..\/wp-content\/themes\/strojirna\/img\/strojirna.jpg\" alt=\"\" \/><\/p>\n<\/div>\n<\/div>\n<div class=\"col-md-6 col-sm-12\">\n<div class=\"text\">\n<p>Auch in Zukunft m\u00f6chten wir umfassende und hochwertige L\u00f6sungen f\u00fcr spezifische Maschinenprojekte anbieten, welche den Bed\u00fcrfnissen unser Kunden gerecht werden. Ein integraler Bestandteil ist der Aufbau von seri\u00f6sen Beziehungen mit zusammenarbeitenden, kooperierenden Unternehmen und Lieferanten.<\/p>\n<p><span id=\"result_box\" class=\"\" lang=\"de\"><span class=\"\">Unser Team besteht<\/span> nun aus einem Team von \u00fcber 45 qualifizierten Fachleuten, die <span class=\"\">aufgrund<\/span> <span class=\"\">ihrer langj\u00e4hrigen Erfahrung<\/span> und dem Einsatz moderner Maschinenparkanlagen f\u00e4hig sind, die Realisierung von Auftr\u00e4gen im Bereich der Technologie, Produktion und Montage zu gew\u00e4hrleisten. Teil des Prozesses ist auch die endg\u00fcltige finale Kontrolle des Produkts, einschlie\u00dflich Messprotokollen, erforderlichen Tests, Verpackung und Versand.<\/span><\/p>\n<p style=\"color: #133996; font-weight: normal; font-size: 16px;\"><span id=\"result_box\" class=\"\" lang=\"de\">Seit 2005 besitzen wir das Qualit\u00e4tsmanagementsystem <span class=\"\">&#8211; Zertifikat<\/span><\/span><br \/>\n\u010cSN EN ISO 9001:2015.<\/p>\n<\/div>\n<\/div>\n<\/div>\n<p>&nbsp;<\/p>\n<p>&nbsp;<\/p>\n<div class=\"row\"><a style=\"float: left; width: 62px; text-align: center;\" href=\"http:\/\/www.strojirnasobeslav.cz\/wp-content\/uploads\/2016\/09\/ISO-NJ.pdf\" target=\"_blank\" rel=\"http:\/\/www.strojirnasobeslav.cz\/wp-content\/uploads\/2016\/10\/Certifikat.pdf noopener\"><img loading=\"lazy\" decoding=\"async\" src=\"..\/wp-content\/themes\/strojirna\/img\/icon\/pdf.png\" alt=\"PDF\" width=\"35\" height=\"43\" \/><\/a><\/div>\n<p><a href=\"https:\/\/www.strojirnasobeslav.cz\/wp-content\/uploads\/2026\/03\/ISO-9001-DE.pdf\">\u00a0ISO 9001:2015<\/a><\/p>\n<p>&nbsp;<\/p>\n<p><img loading=\"lazy\" decoding=\"async\" class=\"alignnone  wp-image-1661\" src=\"https:\/\/www.strojirnasobeslav.cz\/wp-content\/uploads\/2026\/03\/SKM_C250i26033107440-212x300.jpg\" alt=\"\" width=\"351\" height=\"497\" srcset=\"https:\/\/www.strojirnasobeslav.cz\/wp-content\/uploads\/2026\/03\/SKM_C250i26033107440-212x300.jpg 212w, https:\/\/www.strojirnasobeslav.cz\/wp-content\/uploads\/2026\/03\/SKM_C250i26033107440-724x1024.jpg 724w, https:\/\/www.strojirnasobeslav.cz\/wp-content\/uploads\/2026\/03\/SKM_C250i26033107440-768x1086.jpg 768w, https:\/\/www.strojirnasobeslav.cz\/wp-content\/uploads\/2026\/03\/SKM_C250i26033107440-1086x1536.jpg 1086w, https:\/\/www.strojirnasobeslav.cz\/wp-content\/uploads\/2026\/03\/SKM_C250i26033107440.jpg 1358w\" sizes=\"auto, (max-width: 351px) 100vw, 351px\" \/><\/p>\n<p><a style=\"float: left; width: 62px; text-align: center;\" href=\"http:\/\/www.strojirnasobeslav.cz\/wp-content\/uploads\/2016\/09\/ISO-NJ.pdf\" target=\"_blank\" rel=\"http:\/\/www.strojirnasobeslav.cz\/wp-content\/uploads\/2016\/10\/Certifikat.pdf noopener\"><img loading=\"lazy\" decoding=\"async\" src=\"..\/wp-content\/themes\/strojirna\/img\/icon\/pdf.png\" alt=\"PDF\" width=\"35\" height=\"43\" \/><\/a><a href=\"https:\/\/www.strojirnasobeslav.cz\/wp-content\/uploads\/2026\/03\/SKM_C250i26033109090.pdf\">EN3834-2:2021<\/a><\/p>\n<p>&nbsp;<\/p>\n<p><img loading=\"lazy\" decoding=\"async\" class=\"alignnone  wp-image-1658\" src=\"https:\/\/www.strojirnasobeslav.cz\/wp-content\/uploads\/2026\/03\/SKM_C250i26033107380-212x300.jpg\" alt=\"\" width=\"359\" height=\"508\" srcset=\"https:\/\/www.strojirnasobeslav.cz\/wp-content\/uploads\/2026\/03\/SKM_C250i26033107380-212x300.jpg 212w, https:\/\/www.strojirnasobeslav.cz\/wp-content\/uploads\/2026\/03\/SKM_C250i26033107380-724x1024.jpg 724w, https:\/\/www.strojirnasobeslav.cz\/wp-content\/uploads\/2026\/03\/SKM_C250i26033107380-768x1086.jpg 768w, https:\/\/www.strojirnasobeslav.cz\/wp-content\/uploads\/2026\/03\/SKM_C250i26033107380-1086x1536.jpg 1086w, https:\/\/www.strojirnasobeslav.cz\/wp-content\/uploads\/2026\/03\/SKM_C250i26033107380.jpg 1358w\" sizes=\"auto, (max-width: 359px) 100vw, 359px\" \/><\/p>\n<div class=\"row\">\n<div class=\"col-md-6 col-sm-12\">\n<p>&nbsp;<\/p>\n<\/div>\n<\/div>\n<div class=\"row\">\n<div class=\"col-md-6 col-sm-12\">\n<div class=\"text\">\n<p>&nbsp;<\/p>\n<\/div>\n<\/div>\n<\/div>\n","protected":false},"excerpt":{"rendered":"<p>Maschinenfabrik Sob\u011bslav s.r.o. Unser Unternehmen ist seit 1\/4\/1994, wann dieses Unternehmen gegr\u00fcndet wurde, auf dem Maschinenmarkt t\u00e4tig. Unser urspr\u00fcngliche Ziel, ein renommierter Lieferant von Maschinen und Anhlagen im Rahmen einer kundenspezifischen Herstellung zu sein, ist unver\u00e4ndert geblieben und wir glauben fest daran, dass wir diesem Ziel treu geblieben sind. Auch in Zukunft m\u00f6chten wir umfassende [&hellip;]<\/p>\n","protected":false},"author":1,"featured_media":225,"parent":0,"menu_order":0,"comment_status":"closed","ping_status":"closed","template":"content-onas.php","meta":{"footnotes":""},"class_list":["post-548","page","type-page","status-publish","has-post-thumbnail","hentry"],"_links":{"self":[{"href":"https:\/\/www.strojirnasobeslav.cz\/de\/wp-json\/wp\/v2\/pages\/548","targetHints":{"allow":["GET"]}}],"collection":[{"href":"https:\/\/www.strojirnasobeslav.cz\/de\/wp-json\/wp\/v2\/pages"}],"about":[{"href":"https:\/\/www.strojirnasobeslav.cz\/de\/wp-json\/wp\/v2\/types\/page"}],"author":[{"embeddable":true,"href":"https:\/\/www.strojirnasobeslav.cz\/de\/wp-json\/wp\/v2\/users\/1"}],"replies":[{"embeddable":true,"href":"https:\/\/www.strojirnasobeslav.cz\/de\/wp-json\/wp\/v2\/comments?post=548"}],"version-history":[{"count":45,"href":"https:\/\/www.strojirnasobeslav.cz\/de\/wp-json\/wp\/v2\/pages\/548\/revisions"}],"predecessor-version":[{"id":1703,"href":"https:\/\/www.strojirnasobeslav.cz\/de\/wp-json\/wp\/v2\/pages\/548\/revisions\/1703"}],"wp:featuredmedia":[{"embeddable":true,"href":"https:\/\/www.strojirnasobeslav.cz\/de\/wp-json\/wp\/v2\/media\/225"}],"wp:attachment":[{"href":"https:\/\/www.strojirnasobeslav.cz\/de\/wp-json\/wp\/v2\/media?parent=548"}],"curies":[{"name":"wp","href":"https:\/\/api.w.org\/{rel}","templated":true}]}}